{"id":3683,"date":"2022-02-19T19:29:47","date_gmt":"2022-02-19T19:29:47","guid":{"rendered":"https:\/\/www.ska-group.si\/?page_id=3683"},"modified":"2022-03-20T20:06:51","modified_gmt":"2022-03-20T20:06:51","slug":"embalaza","status":"publish","type":"page","link":"https:\/\/www.ska-group.si\/en\/embalaza\/","title":{"rendered":"Packaging"},"content":{"rendered":"<div class=\"fusion-fullwidth fullwidth-box fusion-builder-row-1 fusion-flex-container nonhundred-percent-fullwidth non-hundred-percent-height-scrolling\" style=\"background-color: rgba(255,255,255,0);background-position: center center;background-repeat: no-repeat;border-width: 0px 0px 0px 0px;border-color:#eae9e9;border-style:solid;\" ><div class=\"fusion-builder-row fusion-row fusion-flex-align-items-flex-start\" style=\"max-width:1216.8px;margin-left: calc(-4% \/ 2 );margin-right: calc(-4% \/ 2 );\"><div class=\"fusion-layout-column fusion_builder_column fusion-builder-column-0 fusion_builder_column_1_1 1_1 fusion-flex-column\"><div class=\"fusion-column-wrapper fusion-flex-justify-content-flex-start fusion-content-layout-column\" style=\"background-position:left top;background-repeat:no-repeat;-webkit-background-size:cover;-moz-background-size:cover;-o-background-size:cover;background-size:cover;padding: 0px 0px 0px 0px;\"><div class=\"fusion-text fusion-text-1\" style=\"transform:translate3d(0,0,0);\"><h2>BIODEGRADABLE BAGS AND PACKAGING<\/h2>\n<\/div><div class=\"fusion-text fusion-text-2\" style=\"transform:translate3d(0,0,0);\"><p>We make biodegradable bags and packaging from corn starch. The packaging is sustainable and environmentally friendly. With such cultivation, we strive to minimize the burden on the environment. The bags and the rest of the packaging are thus naturally degradable.<\/p>\n<p>Choose environmentally friendly bags and packaging. We also offer you the option of personalized printing.<\/p>\n<\/div><div class=\"fusion-text fusion-text-3\" style=\"transform:translate3d(0,0,0);\"><h3>WIDE CONSUMPTION<\/h3>\n<\/div><div class=\"fusion-text fusion-text-4\" style=\"transform:translate3d(0,0,0);\"><ul>\n<li>refuse garbage bags<\/li>\n<li>garbage bags in a roll<\/li>\n<li>carrier bags refuse<\/li>\n<li>carrier bags in a roll<\/li>\n<li>boutique bags<\/li>\n<li>several for food delivery<\/li>\n<li>dog poop bags<\/li>\n<\/ul>\n<\/div><div class=\"fusion-text fusion-text-5\" style=\"transform:translate3d(0,0,0);\"><h3>INDUSTRY<\/h3>\n<\/div><div class=\"fusion-text fusion-text-6\" style=\"transform:translate3d(0,0,0);\"><ul>\n<li>Extrusion In the extrusion process, we produce films from LDPE, HDPE, MDPE and recycled polyethylene. All products can be printed with four colors in flexo technology.<\/li>\n<li>Confection In the confection process, PE bags of various dimensions, shapes and purpose are made from foil (expanded bottom, transverse or longitudinal perforation, perforated on the jambo roll, cover foil, with tape...).<\/li>\n<\/ul>\n<\/div><div style=\"text-align:center;\"><span class=\"fusion-imageframe imageframe-none imageframe-1 hover-type-zoomin\"><img width=\"1024\" height=\"768\" title=\"Biodegradable bags and packaging\" src=\"https:\/\/www.ska-group.si\/wp-content\/uploads\/2022\/03\/Biorazgradljive-vrecke-in-embalaza-1024x768.png\" class=\"img-responsive wp-image-3791\" srcset=\"https:\/\/www.ska-group.si\/wp-content\/uploads\/2022\/03\/Biorazgradljive-vrecke-in-embalaza-200x150.png 200w, https:\/\/www.ska-group.si\/wp-content\/uploads\/2022\/03\/Biorazgradljive-vrecke-in-embalaza-400x300.png 400w, https:\/\/www.ska-group.si\/wp-content\/uploads\/2022\/03\/Biorazgradljive-vrecke-in-embalaza-600x450.png 600w, https:\/\/www.ska-group.si\/wp-content\/uploads\/2022\/03\/Biorazgradljive-vrecke-in-embalaza-800x600.png 800w, https:\/\/www.ska-group.si\/wp-content\/uploads\/2022\/03\/Biorazgradljive-vrecke-in-embalaza.png 1080w\" sizes=\"(max-width: 1024px) 100vw, (max-width: 640px) 100vw, 1024px\" \/><\/span><\/div><div class=\"fusion-text fusion-text-7\" style=\"transform:translate3d(0,0,0);\"><h4 style=\"text-align: center;\">For more information about recycled packaging and bags, contact us at <a href=\"tel:031-888-551\">031 888 551<\/a>.<\/h4>\n<\/div><div class=\"fusion-separator fusion-full-width-sep\" style=\"align-self: center;margin-left: auto;margin-right: auto;width:100%;\"><div class=\"fusion-separator-border sep-double\" style=\"border-color:#e0dede;border-top-width:1px;border-bottom-width:1px;\"><\/div><\/div><div class=\"fusion-text fusion-text-8\" style=\"transform:translate3d(0,0,0);\"><h3>YOU CAN ALSO SEND US YOUR INQUIRY VIA THE FORM<\/h3>\n<\/div><style>.fusion-form-3349 .fusion-form-tooltip .fusion-form-tooltip-content{color:#ffffff !important;background-color:#333333 !important;border-color:#333333 !important;}<\/style><div class=\"fusion-form fusion-form-builder fusion-form-form-wrapper fusion-form-3349\" data-form-id=\"3349\"><form action=\"https:\/\/www.ska-group.si\/en\/embalaza\/\" method=\"post\" class=\"fusion-form fusion-form-3349\" data-trp-original-action=\"https:\/\/www.ska-group.si\/en\/embalaza\/\"><div class=\"fusion-fullwidth fullwidth-box fusion-builder-row-1-1 fusion-flex-container nonhundred-percent-fullwidth non-hundred-percent-height-scrolling\" style=\"background-color: rgba(255,255,255,0);background-position: center center;background-repeat: no-repeat;border-width: 0px 0px 0px 0px;border-color:#eae9e9;border-style:solid;\" ><div class=\"fusion-builder-row fusion-row fusion-flex-align-items-flex-start\" style=\"width:104% !important;max-width:104% !important;margin-left: calc(-4% \/ 2 );margin-right: calc(-4% \/ 2 );\"><div class=\"fusion-layout-column fusion_builder_column fusion-builder-column-1 fusion_builder_column_1_2 1_2 fusion-flex-column\"><div class=\"fusion-column-wrapper fusion-flex-justify-content-flex-start fusion-content-layout-column\" style=\"background-position:left top;background-repeat:no-repeat;-webkit-background-size:cover;-moz-background-size:cover;-o-background-size:cover;background-size:cover;padding: 0px 0px 0px 0px;\"><div class=\"fusion-form-field fusion-form-text-field fusion-form-label-above\" data-form-id=\"3349\"><input type=\"text\" name=\"name\" value=\"\"  class=\"fusion-form-input\" required=\"true\" aria-required=\"true\" placeholder=\"Name*\" data-holds-private-data=\"false\"\/><\/div><div class=\"fusion-form-field fusion-form-phone-number-field fusion-form-label-above\" data-form-id=\"3349\"><input type=\"phone-number\" name=\"phone_number\" value=\"\"  class=\"fusion-form-input\" required=\"true\" aria-required=\"true\" placeholder=\"Phone Number*\" data-holds-private-data=\"false\" pattern=\"[0-9()#&+*-=.]+\" title=\"Only numbers and phone characters are accepted.\"\/><\/div><\/div><\/div><style type=\"text\/css\">.fusion-body .fusion-builder-column-1{width:50% !important;margin-top : 0px;margin-bottom : 0px;}.fusion-builder-column-1 > .fusion-column-wrapper {padding-top : 0px !important;padding-right : 0px !important;margin-right : 3.84%;padding-bottom : 0px !important;padding-left : 0px !important;margin-left : 3.84%;}@media only screen and (max-width:1024px) {.fusion-body .fusion-builder-column-1{width:100% !important;order : 0;}.fusion-builder-column-1 > .fusion-column-wrapper {margin-right : 1.92%;margin-left : 1.92%;}}@media only screen and (max-width:640px) {.fusion-body .fusion-builder-column-1{width:100% !important;order : 0;}.fusion-builder-column-1 > .fusion-column-wrapper {margin-right : 1.92%;margin-left : 1.92%;}}<\/style><div class=\"fusion-layout-column fusion_builder_column fusion-builder-column-2 fusion_builder_column_1_2 1_2 fusion-flex-column\"><div class=\"fusion-column-wrapper fusion-flex-justify-content-flex-start fusion-content-layout-column\" style=\"background-position:left top;background-repeat:no-repeat;-webkit-background-size:cover;-moz-background-size:cover;-o-background-size:cover;background-size:cover;padding: 0px 0px 0px 0px;\"><div class=\"fusion-form-field fusion-form-email-field fusion-form-label-above\" data-form-id=\"3349\"><input type=\"email\" name=\"email_address\" value=\"\"  class=\"fusion-form-input\" required=\"true\" aria-required=\"true\" placeholder=\"Email*\" data-holds-private-data=\"false\"\/><\/div><div class=\"fusion-form-field fusion-form-text-field fusion-form-label-above\" data-form-id=\"3349\"><input type=\"text\" name=\"company\" value=\"\"  class=\"fusion-form-input\" placeholder=\"Company (optional)\" data-holds-private-data=\"false\"\/><\/div><\/div><\/div><style type=\"text\/css\">.fusion-body .fusion-builder-column-2{width:50% !important;margin-top : 0px;margin-bottom : 0px;}.fusion-builder-column-2 > .fusion-column-wrapper {padding-top : 0px !important;padding-right : 0px !important;margin-right : 3.84%;padding-bottom : 0px !important;padding-left : 0px !important;margin-left : 3.84%;}@media only screen and (max-width:1024px) {.fusion-body .fusion-builder-column-2{width:100% !important;order : 0;}.fusion-builder-column-2 > .fusion-column-wrapper {margin-right : 1.92%;margin-left : 1.92%;}}@media only screen and (max-width:640px) {.fusion-body .fusion-builder-column-2{width:100% !important;order : 0;}.fusion-builder-column-2 > .fusion-column-wrapper {margin-right : 1.92%;margin-left : 1.92%;}}<\/style><div class=\"fusion-layout-column fusion_builder_column fusion-builder-column-3 fusion_builder_column_1_1 1_1 fusion-flex-column\"><div class=\"fusion-column-wrapper fusion-flex-justify-content-flex-start fusion-content-layout-column\" style=\"background-position:left top;background-repeat:no-repeat;-webkit-background-size:cover;-moz-background-size:cover;-o-background-size:cover;background-size:cover;padding: 0px 0px 0px 0px;\"><div class=\"fusion-form-field fusion-form-textarea-field fusion-form-label-above\" data-form-id=\"3349\"><textarea cols=\"40\" rows=\"4\" tabindex=\"\" id=\"message\" name=\"message\" class=\"fusion-form-input\" placeholder=\"Write a message\" data-holds-private-data=\"false\"><\/textarea><\/div><div class=\"form-submission-notices\" id=\"fusion-notices-1\"><div class=\"fusion-alert alert success alert-success fusion-alert-center fusion-form-response fusion-form-response-success fusion-alert-capitalize alert-dismissable\" style=\"background-color:#dff0d8;color:rgba(92,163,64,1);border-color:rgba(92,163,64,1);border-width:1px;\"><button type=\"button\" class=\"close toggle-alert\" data-dismiss=\"alert\" aria-hidden=\"true\">\u00d7<\/button><div class=\"fusion-alert-content-wrapper\"><span class=\"alert-icon\"><i class=\"fa-lg fa fa-check-circle\" aria-hidden=\"true\"><\/i><\/span><span class=\"fusion-alert-content\">Thank you for your inquiry. The message has been sent.<\/span><\/div><\/div><div class=\"fusion-alert alert error alert-danger fusion-alert-center fusion-form-response fusion-form-response-error fusion-alert-capitalize alert-dismissable\" style=\"background-color:#f2dede;color:rgba(166,66,66,1);border-color:rgba(166,66,66,1);border-width:1px;\"><button type=\"button\" class=\"close toggle-alert\" data-dismiss=\"alert\" aria-hidden=\"true\">\u00d7<\/button><div class=\"fusion-alert-content-wrapper\"><span class=\"alert-icon\"><i class=\"fa-lg fa fa-exclamation-triangle\" aria-hidden=\"true\"><\/i><\/span><span class=\"fusion-alert-content\">There was an error trying to send your message. Please try again later.<\/span><\/div><\/div><\/div><div class=\"fusion-form-field fusion-form-submit-field fusion-form-label-above\" data-form-id=\"3349\"><input type=\"hidden\" value=\"info@ska-group.si\" name=\"fusion_form_email\" \/><input type=\"hidden\" value=\"[first_name] [last_name]\" name=\"fusion_form_email_from\" \/><input type=\"hidden\" value=\"contactform@ska-group.si\" name=\"fusion_form_email_from_id\" \/><input type=\"hidden\" value=\"Povpra\u0161evanje SKA Group\" name=\"fusion_form_email_subject\" \/><input type=\"hidden\" value=\"0\" name=\"fusion_form_email_subject_encode\" \/><div ><style type=\"text\/css\">.fusion-button.button-1 {border-radius:2px;}<\/style><button type=\"submit\" class=\"fusion-button button-flat button-large button-default button-1 fusion-button-default-span  form-form-submit button-default\" data-form-number=\"3349\" tabindex=\"\"><span class=\"fusion-button-text\">Send inquiry<\/span><\/button><\/div><\/div><\/div><\/div><style type=\"text\/css\">.fusion-body .fusion-builder-column-3{width:100% !important;margin-top : 0px;margin-bottom : 0px;}.fusion-builder-column-3 > .fusion-column-wrapper {padding-top : 0px !important;padding-right : 0px !important;margin-right : 1.92%;padding-bottom : 0px !important;padding-left : 0px !important;margin-left : 1.92%;}@media only screen and (max-width:1024px) {.fusion-body .fusion-builder-column-3{width:100% !important;order : 0;}.fusion-builder-column-3 > .fusion-column-wrapper {margin-right : 1.92%;margin-left : 1.92%;}}@media only screen and (max-width:640px) {.fusion-body .fusion-builder-column-3{width:100% !important;order : 0;}.fusion-builder-column-3 > .fusion-column-wrapper {margin-right : 1.92%;margin-left : 1.92%;}}<\/style><\/div><style type=\"text\/css\">.fusion-body .fusion-flex-container.fusion-builder-row-1-1{ padding-top : 0px;margin-top : 0px;padding-right : 0px;padding-bottom : 0px;margin-bottom : 0px;padding-left : 0px;}<\/style><\/div><input type=\"hidden\" name=\"fusion_privacy_store_ip_ua\" value=\"false\"><input type=\"hidden\" name=\"fusion_privacy_expiration_interval\" value=\"48\"><input type=\"hidden\" name=\"privacy_expiration_action\" value=\"anonymize\"><input type=\"hidden\" name=\"trp-form-language\" value=\"en\"\/><\/form><\/div><script>var formCreatorConfig_3349 = {\"form_id\":\"3349\",\"form_post_id\":\"3349\",\"post_id\":3683,\"form_type\":\"email\",\"confirmation_type\":\"message\",\"redirect_url\":\"\",\"field_labels\":{\"name\":\"\",\"phone_number\":\"\",\"email_address\":\"\",\"company\":\"\",\"message\":\"\"}};<\/script><\/div><\/div><style type=\"text\/css\">.fusion-body .fusion-builder-column-0{width:100% !important;margin-top : 0px;margin-bottom : 20px;}.fusion-builder-column-0 > .fusion-column-wrapper {padding-top : 0px !important;padding-right : 0px !important;margin-right : 1.92%;padding-bottom : 0px !important;padding-left : 0px !important;margin-left : 1.92%;}@media only screen and (max-width:1024px) {.fusion-body .fusion-builder-column-0{width:100% !important;order : 0;}.fusion-builder-column-0 > .fusion-column-wrapper {margin-right : 1.92%;margin-left : 1.92%;}}@media only screen and (max-width:640px) {.fusion-body .fusion-builder-column-0{width:100% !important;order : 0;}.fusion-builder-column-0 > .fusion-column-wrapper {margin-right : 1.92%;margin-left : 1.92%;}}<\/style><\/div><style type=\"text\/css\">.fusion-body .fusion-flex-container.fusion-builder-row-1{ padding-top : 0px;margin-top : 0px;padding-right : 0px;padding-bottom : 0px;margin-bottom : 0px;padding-left : 0px;}<\/style><\/div>","protected":false},"excerpt":{"rendered":"","protected":false},"author":1,"featured_media":0,"parent":0,"menu_order":0,"comment_status":"closed","ping_status":"closed","template":"","meta":[],"yoast_head":"<!-- This site is optimized with the Yoast SEO plugin v18.2 - https:\/\/yoast.com\/wordpress\/plugins\/seo\/ -->\n<title>Embala\u017ea - SKA Group<\/title>\n<meta name=\"description\" content=\"Izdelujemo biorazgradljive vre\u010dke in embala\u017eo iz koruznega \u0161kroba. Embala\u017ea je trajnostna in okolju prijazna.\" \/>\n<meta name=\"robots\" content=\"index, follow, max-snippet:-1, max-image-preview:large, max-video-preview:-1\" \/>\n<link rel=\"canonical\" href=\"https:\/\/www.ska-group.si\/en\/embalaza\/\" \/>\n<meta property=\"og:locale\" content=\"en_GB\" \/>\n<meta property=\"og:type\" content=\"article\" \/>\n<meta property=\"og:title\" content=\"Embala\u017ea - SKA Group\" \/>\n<meta property=\"og:description\" content=\"Izdelujemo biorazgradljive vre\u010dke in embala\u017eo iz koruznega \u0161kroba. Embala\u017ea je trajnostna in okolju prijazna.\" \/>\n<meta property=\"og:url\" content=\"https:\/\/www.ska-group.si\/en\/embalaza\/\" \/>\n<meta property=\"og:site_name\" content=\"SKA Group\" \/>\n<meta property=\"article:modified_time\" content=\"2022-03-20T20:06:51+00:00\" \/>\n<meta name=\"twitter:card\" content=\"summary_large_image\" \/>\n<meta name=\"twitter:label1\" content=\"Estimated reading time\" \/>\n\t<meta name=\"twitter:data1\" content=\"3 minutes\" \/>\n<script type=\"application\/ld+json\" class=\"yoast-schema-graph\">{\"@context\":\"https:\/\/schema.org\",\"@graph\":[{\"@type\":\"WebSite\",\"@id\":\"https:\/\/www.ska-group.si\/#website\",\"url\":\"https:\/\/www.ska-group.si\/\",\"name\":\"SKA Group\",\"description\":\"Najem plovil in kamperjev\",\"potentialAction\":[{\"@type\":\"SearchAction\",\"target\":{\"@type\":\"EntryPoint\",\"urlTemplate\":\"https:\/\/www.ska-group.si\/?s={search_term_string}\"},\"query-input\":\"required name=search_term_string\"}],\"inLanguage\":\"en-GB\"},{\"@type\":\"WebPage\",\"@id\":\"https:\/\/www.ska-group.si\/embalaza\/#webpage\",\"url\":\"https:\/\/www.ska-group.si\/embalaza\/\",\"name\":\"Embala\u017ea - SKA Group\",\"isPartOf\":{\"@id\":\"https:\/\/www.ska-group.si\/#website\"},\"datePublished\":\"2022-02-19T19:29:47+00:00\",\"dateModified\":\"2022-03-20T20:06:51+00:00\",\"description\":\"Izdelujemo biorazgradljive vre\u010dke in embala\u017eo iz koruznega \u0161kroba. Embala\u017ea je trajnostna in okolju prijazna.\",\"breadcrumb\":{\"@id\":\"https:\/\/www.ska-group.si\/embalaza\/#breadcrumb\"},\"inLanguage\":\"en-GB\",\"potentialAction\":[{\"@type\":\"ReadAction\",\"target\":[\"https:\/\/www.ska-group.si\/embalaza\/\"]}]},{\"@type\":\"BreadcrumbList\",\"@id\":\"https:\/\/www.ska-group.si\/embalaza\/#breadcrumb\",\"itemListElement\":[{\"@type\":\"ListItem\",\"position\":1,\"name\":\"Home\",\"item\":\"https:\/\/www.ska-group.si\/\"},{\"@type\":\"ListItem\",\"position\":2,\"name\":\"Embala\u017ea\"}]}]}<\/script>\n<!-- \/ Yoast SEO plugin. -->","yoast_head_json":{"title":"Embala\u017ea - SKA Group","description":"Izdelujemo biorazgradljive vre\u010dke in embala\u017eo iz koruznega \u0161kroba. Embala\u017ea je trajnostna in okolju prijazna.","robots":{"index":"index","follow":"follow","max-snippet":"max-snippet:-1","max-image-preview":"max-image-preview:large","max-video-preview":"max-video-preview:-1"},"canonical":"https:\/\/www.ska-group.si\/en\/embalaza\/","og_locale":"en_GB","og_type":"article","og_title":"Embala\u017ea - SKA Group","og_description":"Izdelujemo biorazgradljive vre\u010dke in embala\u017eo iz koruznega \u0161kroba. Embala\u017ea je trajnostna in okolju prijazna.","og_url":"https:\/\/www.ska-group.si\/en\/embalaza\/","og_site_name":"SKA Group","article_modified_time":"2022-03-20T20:06:51+00:00","twitter_card":"summary_large_image","twitter_misc":{"Estimated reading time":"3 minutes"},"schema":{"@context":"https:\/\/schema.org","@graph":[{"@type":"WebSite","@id":"https:\/\/www.ska-group.si\/#website","url":"https:\/\/www.ska-group.si\/","name":"SKA Group","description":"Najem plovil in kamperjev","potentialAction":[{"@type":"SearchAction","target":{"@type":"EntryPoint","urlTemplate":"https:\/\/www.ska-group.si\/?s={search_term_string}"},"query-input":"required name=search_term_string"}],"inLanguage":"en-GB"},{"@type":"WebPage","@id":"https:\/\/www.ska-group.si\/embalaza\/#webpage","url":"https:\/\/www.ska-group.si\/embalaza\/","name":"Embala\u017ea - SKA Group","isPartOf":{"@id":"https:\/\/www.ska-group.si\/#website"},"datePublished":"2022-02-19T19:29:47+00:00","dateModified":"2022-03-20T20:06:51+00:00","description":"Izdelujemo biorazgradljive vre\u010dke in embala\u017eo iz koruznega \u0161kroba. Embala\u017ea je trajnostna in okolju prijazna.","breadcrumb":{"@id":"https:\/\/www.ska-group.si\/embalaza\/#breadcrumb"},"inLanguage":"en-GB","potentialAction":[{"@type":"ReadAction","target":["https:\/\/www.ska-group.si\/embalaza\/"]}]},{"@type":"BreadcrumbList","@id":"https:\/\/www.ska-group.si\/embalaza\/#breadcrumb","itemListElement":[{"@type":"ListItem","position":1,"name":"Home","item":"https:\/\/www.ska-group.si\/"},{"@type":"ListItem","position":2,"name":"Embala\u017ea"}]}]}},"_links":{"self":[{"href":"https:\/\/www.ska-group.si\/en\/wp-json\/wp\/v2\/pages\/3683"}],"collection":[{"href":"https:\/\/www.ska-group.si\/en\/wp-json\/wp\/v2\/pages"}],"about":[{"href":"https:\/\/www.ska-group.si\/en\/wp-json\/wp\/v2\/types\/page"}],"author":[{"embeddable":true,"href":"https:\/\/www.ska-group.si\/en\/wp-json\/wp\/v2\/users\/1"}],"replies":[{"embeddable":true,"href":"https:\/\/www.ska-group.si\/en\/wp-json\/wp\/v2\/comments?post=3683"}],"version-history":[{"count":7,"href":"https:\/\/www.ska-group.si\/en\/wp-json\/wp\/v2\/pages\/3683\/revisions"}],"predecessor-version":[{"id":3865,"href":"https:\/\/www.ska-group.si\/en\/wp-json\/wp\/v2\/pages\/3683\/revisions\/3865"}],"wp:attachment":[{"href":"https:\/\/www.ska-group.si\/en\/wp-json\/wp\/v2\/media?parent=3683"}],"curies":[{"name":"wp","href":"https:\/\/api.w.org\/{rel}","templated":true}]}}