{"id":3389,"date":"2021-04-15T20:41:03","date_gmt":"2021-04-15T20:41:03","guid":{"rendered":"https:\/\/www.ska-group.si\/?page_id=3389"},"modified":"2024-03-31T21:56:00","modified_gmt":"2024-03-31T21:56:00","slug":"domov","status":"publish","type":"page","link":"https:\/\/www.ska-group.si\/en\/","title":{"rendered":"Home"},"content":{"rendered":"<p><div class=\"fusion-fullwidth fullwidth-box fusion-builder-row-1 fusion-flex-container nonhundred-percent-fullwidth non-hundred-percent-height-scrolling\" style=\"background-color: rgba(255,255,255,0);background-position: center center;background-repeat: no-repeat;border-width: 0px 0px 0px 0px;border-color:#eae9e9;border-style:solid;\" ><div class=\"fusion-builder-row fusion-row fusion-flex-align-items-flex-start\" style=\"max-width:1216.8px;margin-left: calc(-4% \/ 2 );margin-right: calc(-4% \/ 2 );\"><div class=\"fusion-layout-column fusion_builder_column fusion-builder-column-0 fusion_builder_column_1_3 1_3 fusion-flex-column\"><div class=\"fusion-column-wrapper fusion-flex-justify-content-flex-start fusion-content-layout-column\" style=\"background-position:left top;background-repeat:no-repeat;-webkit-background-size:cover;-moz-background-size:cover;-o-background-size:cover;background-size:cover;padding: 0px 0px 0px 0px;\"><a class=\"fb-icon-element-1 fb-icon-element fontawesome-icon fa-tape fas circle-yes fusion-link\" style=\"font-size:88px;line-height:176px;height:176px;width:176px;border-width:0px;align-self:center;\" href=\"https:\/\/www.ska-group.si\/en\/embalaza\/\" aria-label=\"Link to https:\/\/www.ska-group.si\/embalaza\/\" target=\"_blank\" rel=\"noopener noreferrer\"><\/a><style>a.fb-icon-element.fontawesome-icon.fb-icon-element-1{ color: #ffffff; background-color: #2a638d; border-color: #333333;}a.fb-icon-element.fontawesome-icon.fb-icon-element-1:hover { color: #ffffff; background-color: #1ab594; border-color: #333333;}<\/style><div class=\"fusion-separator fusion-full-width-sep\" style=\"align-self: center;margin-left: auto;margin-right: auto;margin-top:15px;margin-bottom:15px;width:100%;\"><\/div><div ><style type=\"text\/css\">.fusion-button.button-1 {border-radius:2px;}<\/style><a class=\"fusion-button button-flat fusion-button-default-size button-default button-1 fusion-button-span-yes fusion-button-default-type\" target=\"_blank\" rel=\"noopener noreferrer\" href=\"https:\/\/www.ska-group.si\/en\/embalaza\/\"><span class=\"fusion-button-text\">SALE OF PACKAGING<\/span><\/a><\/div><\/div><\/div><style type=\"text\/css\">.fusion-body .fusion-builder-column-0{width:33.333333333333% !important;margin-top : 0px;margin-bottom : 20px;}.fusion-builder-column-0 > .fusion-column-wrapper {padding-top : 0px !important;padding-right : 0px !important;margin-right : 5.76%;padding-bottom : 0px !important;padding-left : 0px !important;margin-left : 5.76%;}@media only screen and (max-width:1024px) {.fusion-body .fusion-builder-column-0{width:100% !important;order : 0;}.fusion-builder-column-0 > .fusion-column-wrapper {margin-right : 1.92%;margin-left : 1.92%;}}@media only screen and (max-width:640px) {.fusion-body .fusion-builder-column-0{width:100% !important;order : 0;}.fusion-builder-column-0 > .fusion-column-wrapper {margin-right : 1.92%;margin-left : 1.92%;}}<\/style><div class=\"fusion-layout-column fusion_builder_column fusion-builder-column-1 fusion_builder_column_1_3 1_3 fusion-flex-column\"><div class=\"fusion-column-wrapper fusion-flex-justify-content-flex-start fusion-content-layout-column\" style=\"background-position:left top;background-repeat:no-repeat;-webkit-background-size:cover;-moz-background-size:cover;-o-background-size:cover;background-size:cover;padding: 0px 0px 0px 0px;\"><a class=\"fb-icon-element-2 fb-icon-element fontawesome-icon fa-anchor fas circle-yes fusion-link\" style=\"font-size:88px;line-height:176px;height:176px;width:176px;border-width:0px;align-self:center;\" href=\"https:\/\/www.ska-group.si\/en\/navtika\/\" aria-label=\"Link to https:\/\/www.ska-group.si\/navtika\/\" target=\"_self\"><\/a><style>a.fb-icon-element.fontawesome-icon.fb-icon-element-2{ color: #ffffff; background-color: #2a638d; border-color: #333333;}a.fb-icon-element.fontawesome-icon.fb-icon-element-2:hover { color: #ffffff; background-color: #1ab594; border-color: #333333;}<\/style><div class=\"fusion-separator fusion-full-width-sep\" style=\"align-self: center;margin-left: auto;margin-right: auto;margin-top:15px;margin-bottom:15px;width:100%;\"><\/div><div ><style type=\"text\/css\">.fusion-button.button-2 {border-radius:2px;}<\/style><a class=\"fusion-button button-flat fusion-button-default-size button-default button-2 fusion-button-span-yes fusion-button-default-type\" target=\"_self\" href=\"https:\/\/www.ska-group.si\/en\/navtika\/\"><span class=\"fusion-button-text\">RENT A BOAT<\/span><\/a><\/div><\/div><\/div><style type=\"text\/css\">.fusion-body .fusion-builder-column-1{width:33.333333333333% !important;margin-top : 0px;margin-bottom : 20px;}.fusion-builder-column-1 > .fusion-column-wrapper {padding-top : 0px !important;padding-right : 0px !important;margin-right : 5.76%;padding-bottom : 0px !important;padding-left : 0px !important;margin-left : 5.76%;}@media only screen and (max-width:1024px) {.fusion-body .fusion-builder-column-1{width:100% !important;order : 0;}.fusion-builder-column-1 > .fusion-column-wrapper {margin-right : 1.92%;margin-left : 1.92%;}}@media only screen and (max-width:640px) {.fusion-body .fusion-builder-column-1{width:100% !important;order : 0;}.fusion-builder-column-1 > .fusion-column-wrapper {margin-right : 1.92%;margin-left : 1.92%;}}<\/style><div class=\"fusion-layout-column fusion_builder_column fusion-builder-column-2 fusion_builder_column_1_3 1_3 fusion-flex-column\"><div class=\"fusion-column-wrapper fusion-flex-justify-content-flex-start fusion-content-layout-column\" style=\"background-position:left top;background-repeat:no-repeat;-webkit-background-size:cover;-moz-background-size:cover;-o-background-size:cover;background-size:cover;padding: 0px 0px 0px 0px;\"><a class=\"fb-icon-element-3 fb-icon-element fontawesome-icon fa-shuttle-van fas circle-yes fusion-link\" style=\"font-size:88px;line-height:176px;height:176px;width:176px;border-width:0px;align-self:center;\" href=\"https:\/\/www.ska-group.si\/en\/najem-kamperjev\/\" aria-label=\"Link to https:\/\/www.ska-group.si\/najem-kamperjev\/\" target=\"_self\"><\/a><style>a.fb-icon-element.fontawesome-icon.fb-icon-element-3{ color: #ffffff; background-color: #2a638d; border-color: #333333;}a.fb-icon-element.fontawesome-icon.fb-icon-element-3:hover { color: #ffffff; background-color: #1ab594; border-color: #333333;}<\/style><div class=\"fusion-separator fusion-full-width-sep\" style=\"align-self: center;margin-left: auto;margin-right: auto;margin-top:15px;margin-bottom:15px;width:100%;\"><\/div><div ><style type=\"text\/css\">.fusion-button.button-3 {border-radius:2px;}<\/style><a class=\"fusion-button button-flat fusion-button-default-size button-default button-3 fusion-button-span-yes fusion-button-default-type\" target=\"_self\" href=\"https:\/\/www.ska-group.si\/en\/najem-kamperjev\/\"><span class=\"fusion-button-text\">RENT A CAMPERVAN<\/span><\/a><\/div><\/div><\/div><style type=\"text\/css\">.fusion-body .fusion-builder-column-2{width:33.333333333333% !important;margin-top : 0px;margin-bottom : 20px;}.fusion-builder-column-2 > .fusion-column-wrapper {padding-top : 0px !important;padding-right : 0px !important;margin-right : 5.76%;padding-bottom : 0px !important;padding-left : 0px !important;margin-left : 5.76%;}@media only screen and (max-width:1024px) {.fusion-body .fusion-builder-column-2{width:100% !important;order : 0;}.fusion-builder-column-2 > .fusion-column-wrapper {margin-right : 1.92%;margin-left : 1.92%;}}@media only screen and (max-width:640px) {.fusion-body .fusion-builder-column-2{width:100% !important;order : 0;}.fusion-builder-column-2 > .fusion-column-wrapper {margin-right : 1.92%;margin-left : 1.92%;}}<\/style><\/div><style type=\"text\/css\">.fusion-body .fusion-flex-container.fusion-builder-row-1{ padding-top : 0px;margin-top : 0px;padding-right : 0px;padding-bottom : 0px;margin-bottom : 0px;padding-left : 0px;}<\/style><\/div><div class=\"fusion-fullwidth fullwidth-box fusion-builder-row-2 fusion-flex-container nonhundred-percent-fullwidth non-hundred-percent-height-scrolling\" style=\"background-color: rgba(255,255,255,0);background-position: center center;background-repeat: no-repeat;border-width: 0px 0px 0px 0px;border-color:#eae9e9;border-style:solid;\" ><div class=\"fusion-builder-row fusion-row fusion-flex-align-items-flex-start\" style=\"max-width:1216.8px;margin-left: calc(-4% \/ 2 );margin-right: calc(-4% \/ 2 );\"><div class=\"fusion-layout-column fusion_builder_column fusion-builder-column-3 fusion_builder_column_1_1 1_1 fusion-flex-column\"><div class=\"fusion-column-wrapper fusion-flex-justify-content-flex-start fusion-content-layout-column\" style=\"background-position:left top;background-repeat:no-repeat;-webkit-background-size:cover;-moz-background-size:cover;-o-background-size:cover;background-size:cover;padding: 0px 0px 0px 0px;\"><div class=\"fusion-separator fusion-full-width-sep\" style=\"align-self: center;margin-left: auto;margin-right: auto;width:100%;\"><div class=\"fusion-separator-border sep-double\" style=\"border-color:#e0dede;border-top-width:1px;border-bottom-width:1px;\"><\/div><\/div><\/div><\/div><style type=\"text\/css\">.fusion-body .fusion-builder-column-3{width:100% !important;margin-top : 0px;margin-bottom : 20px;}.fusion-builder-column-3 > .fusion-column-wrapper {padding-top : 0px !important;padding-right : 0px !important;margin-right : 1.92%;padding-bottom : 0px !important;padding-left : 0px !important;margin-left : 1.92%;}@media only screen and (max-width:1024px) {.fusion-body .fusion-builder-column-3{width:100% !important;order : 0;}.fusion-builder-column-3 > .fusion-column-wrapper {margin-right : 1.92%;margin-left : 1.92%;}}@media only screen and (max-width:640px) {.fusion-body .fusion-builder-column-3{width:100% !important;order : 0;}.fusion-builder-column-3 > .fusion-column-wrapper {margin-right : 1.92%;margin-left : 1.92%;}}<\/style><\/div><style type=\"text\/css\">.fusion-body .fusion-flex-container.fusion-builder-row-2{ padding-top : 0px;margin-top : 0px;padding-right : 0px;padding-bottom : 0px;margin-bottom : 0px;padding-left : 0px;}<\/style><\/div><\/p>","protected":false},"excerpt":{"rendered":"","protected":false},"author":1,"featured_media":0,"parent":0,"menu_order":0,"comment_status":"closed","ping_status":"closed","template":"","meta":[],"yoast_head":"<!-- This site is optimized with the Yoast SEO plugin v18.2 - https:\/\/yoast.com\/wordpress\/plugins\/seo\/ -->\n<title>SKA Group - Najem plovil in kamperjev<\/title>\n<meta name=\"description\" content=\"Na\u010drtujte svoja potovanja z najemom plovil in kamperjev. Odkrijte svobodo potovanja na vodi in cesti. Rezervirajte zdaj in za\u010dnite svojo naslednjo nepozabno dogodiv\u0161\u010dino\" \/>\n<meta name=\"robots\" content=\"index, follow, max-snippet:-1, max-image-preview:large, max-video-preview:-1\" \/>\n<link rel=\"canonical\" href=\"https:\/\/www.ska-group.si\/en\/\" \/>\n<meta property=\"og:locale\" content=\"en_GB\" \/>\n<meta property=\"og:type\" content=\"article\" \/>\n<meta property=\"og:title\" content=\"SKA Group - Najem plovil in kamperjev\" \/>\n<meta property=\"og:description\" content=\"Na\u010drtujte svoja potovanja z najemom plovil in kamperjev. Odkrijte svobodo potovanja na vodi in cesti. Rezervirajte zdaj in za\u010dnite svojo naslednjo nepozabno dogodiv\u0161\u010dino\" \/>\n<meta property=\"og:url\" content=\"https:\/\/www.ska-group.si\/en\/\" \/>\n<meta property=\"og:site_name\" content=\"SKA Group\" \/>\n<meta property=\"article:modified_time\" content=\"2024-03-31T21:56:00+00:00\" \/>\n<meta name=\"twitter:card\" content=\"summary_large_image\" \/>\n<meta name=\"twitter:label1\" content=\"Estimated reading time\" \/>\n\t<meta name=\"twitter:data1\" content=\"56 minutes\" \/>\n<script type=\"application\/ld+json\" class=\"yoast-schema-graph\">{\"@context\":\"https:\/\/schema.org\",\"@graph\":[{\"@type\":\"WebSite\",\"@id\":\"https:\/\/www.ska-group.si\/#website\",\"url\":\"https:\/\/www.ska-group.si\/\",\"name\":\"SKA Group\",\"description\":\"Najem plovil in kamperjev\",\"potentialAction\":[{\"@type\":\"SearchAction\",\"target\":{\"@type\":\"EntryPoint\",\"urlTemplate\":\"https:\/\/www.ska-group.si\/?s={search_term_string}\"},\"query-input\":\"required name=search_term_string\"}],\"inLanguage\":\"en-GB\"},{\"@type\":\"WebPage\",\"@id\":\"https:\/\/www.ska-group.si\/#webpage\",\"url\":\"https:\/\/www.ska-group.si\/\",\"name\":\"SKA Group - Najem plovil in kamperjev\",\"isPartOf\":{\"@id\":\"https:\/\/www.ska-group.si\/#website\"},\"datePublished\":\"2021-04-15T20:41:03+00:00\",\"dateModified\":\"2024-03-31T21:56:00+00:00\",\"description\":\"Na\u010drtujte svoja potovanja z najemom plovil in kamperjev. Odkrijte svobodo potovanja na vodi in cesti. Rezervirajte zdaj in za\u010dnite svojo naslednjo nepozabno dogodiv\u0161\u010dino\",\"breadcrumb\":{\"@id\":\"https:\/\/www.ska-group.si\/#breadcrumb\"},\"inLanguage\":\"en-GB\",\"potentialAction\":[{\"@type\":\"ReadAction\",\"target\":[\"https:\/\/www.ska-group.si\/\"]}]},{\"@type\":\"BreadcrumbList\",\"@id\":\"https:\/\/www.ska-group.si\/#breadcrumb\",\"itemListElement\":[{\"@type\":\"ListItem\",\"position\":1,\"name\":\"Home\",\"item\":\"https:\/\/www.ska-group.si\/\"},{\"@type\":\"ListItem\",\"position\":2,\"name\":\"Domov\"}]}]}<\/script>\n<!-- \/ Yoast SEO plugin. -->","yoast_head_json":{"title":"SKA Group - Najem plovil in kamperjev","description":"Na\u010drtujte svoja potovanja z najemom plovil in kamperjev. Odkrijte svobodo potovanja na vodi in cesti. Rezervirajte zdaj in za\u010dnite svojo naslednjo nepozabno dogodiv\u0161\u010dino","robots":{"index":"index","follow":"follow","max-snippet":"max-snippet:-1","max-image-preview":"max-image-preview:large","max-video-preview":"max-video-preview:-1"},"canonical":"https:\/\/www.ska-group.si\/en\/","og_locale":"en_GB","og_type":"article","og_title":"SKA Group - Najem plovil in kamperjev","og_description":"Na\u010drtujte svoja potovanja z najemom plovil in kamperjev. Odkrijte svobodo potovanja na vodi in cesti. Rezervirajte zdaj in za\u010dnite svojo naslednjo nepozabno dogodiv\u0161\u010dino","og_url":"https:\/\/www.ska-group.si\/en\/","og_site_name":"SKA Group","article_modified_time":"2024-03-31T21:56:00+00:00","twitter_card":"summary_large_image","twitter_misc":{"Estimated reading time":"56 minutes"},"schema":{"@context":"https:\/\/schema.org","@graph":[{"@type":"WebSite","@id":"https:\/\/www.ska-group.si\/#website","url":"https:\/\/www.ska-group.si\/","name":"SKA Group","description":"Najem plovil in kamperjev","potentialAction":[{"@type":"SearchAction","target":{"@type":"EntryPoint","urlTemplate":"https:\/\/www.ska-group.si\/?s={search_term_string}"},"query-input":"required name=search_term_string"}],"inLanguage":"en-GB"},{"@type":"WebPage","@id":"https:\/\/www.ska-group.si\/#webpage","url":"https:\/\/www.ska-group.si\/","name":"SKA Group - Najem plovil in kamperjev","isPartOf":{"@id":"https:\/\/www.ska-group.si\/#website"},"datePublished":"2021-04-15T20:41:03+00:00","dateModified":"2024-03-31T21:56:00+00:00","description":"Na\u010drtujte svoja potovanja z najemom plovil in kamperjev. Odkrijte svobodo potovanja na vodi in cesti. Rezervirajte zdaj in za\u010dnite svojo naslednjo nepozabno dogodiv\u0161\u010dino","breadcrumb":{"@id":"https:\/\/www.ska-group.si\/#breadcrumb"},"inLanguage":"en-GB","potentialAction":[{"@type":"ReadAction","target":["https:\/\/www.ska-group.si\/"]}]},{"@type":"BreadcrumbList","@id":"https:\/\/www.ska-group.si\/#breadcrumb","itemListElement":[{"@type":"ListItem","position":1,"name":"Home","item":"https:\/\/www.ska-group.si\/"},{"@type":"ListItem","position":2,"name":"Domov"}]}]}},"_links":{"self":[{"href":"https:\/\/www.ska-group.si\/en\/wp-json\/wp\/v2\/pages\/3389"}],"collection":[{"href":"https:\/\/www.ska-group.si\/en\/wp-json\/wp\/v2\/pages"}],"about":[{"href":"https:\/\/www.ska-group.si\/en\/wp-json\/wp\/v2\/types\/page"}],"author":[{"embeddable":true,"href":"https:\/\/www.ska-group.si\/en\/wp-json\/wp\/v2\/users\/1"}],"replies":[{"embeddable":true,"href":"https:\/\/www.ska-group.si\/en\/wp-json\/wp\/v2\/comments?post=3389"}],"version-history":[{"count":82,"href":"https:\/\/www.ska-group.si\/en\/wp-json\/wp\/v2\/pages\/3389\/revisions"}],"predecessor-version":[{"id":4152,"href":"https:\/\/www.ska-group.si\/en\/wp-json\/wp\/v2\/pages\/3389\/revisions\/4152"}],"wp:attachment":[{"href":"https:\/\/www.ska-group.si\/en\/wp-json\/wp\/v2\/media?parent=3389"}],"curies":[{"name":"wp","href":"https:\/\/api.w.org\/{rel}","templated":true}]}}